{"id":7170,"date":"2024-12-19T13:56:46","date_gmt":"2024-12-19T12:56:46","guid":{"rendered":"https:\/\/gitesblaye.com\/?page_id=7170"},"modified":"2025-07-09T12:16:40","modified_gmt":"2025-07-09T10:16:40","slug":"la-maison-delise191224","status":"publish","type":"page","link":"https:\/\/gitesblaye.com\/?page_id=7170","title":{"rendered":"La maison d&rsquo;Elise191224"},"content":{"rendered":"\t\t<div data-elementor-type=\"wp-page\" data-elementor-id=\"7170\" class=\"elementor elementor-7170\">\n\t\t\t\t<div class=\"elementor-element elementor-element-c6a8413 e-flex e-con-boxed e-con e-parent\" data-id=\"c6a8413\" data-element_type=\"container\">\n\t\t\t\t\t<div class=\"e-con-inner\">\n\t\t\t\t<div class=\"elementor-element elementor-element-b0c46e2 elementor-widget-mobile__width-initial elementor-widget elementor-widget-heading\" data-id=\"b0c46e2\" data-element_type=\"widget\" data-widget_type=\"heading.default\">\n\t\t\t\t<div class=\"elementor-widget-container\">\n\t\t\t<h2 class=\"elementor-heading-title elementor-size-default\">La maison d'Elise <br>Plassac<\/h2>\t\t<\/div>\n\t\t\t\t<\/div>\n\t\t\t\t\t<\/div>\n\t\t\t\t<\/div>\n\t\t<div class=\"elementor-element elementor-element-c5f80f6 e-transform e-flex e-con-boxed e-con e-parent\" data-id=\"c5f80f6\" data-element_type=\"container\" data-settings=\"{&quot;_transform_scale_effect_mobile&quot;:{&quot;unit&quot;:&quot;px&quot;,&quot;size&quot;:1.4,&quot;sizes&quot;:[]},&quot;_transform_scale_effect&quot;:{&quot;unit&quot;:&quot;px&quot;,&quot;size&quot;:&quot;&quot;,&quot;sizes&quot;:[]},&quot;_transform_scale_effect_tablet&quot;:{&quot;unit&quot;:&quot;px&quot;,&quot;size&quot;:&quot;&quot;,&quot;sizes&quot;:[]}}\">\n\t\t\t\t\t<div class=\"e-con-inner\">\n\t\t\t\t<div class=\"elementor-element elementor-element-8daa006 elementor-arrows-position-inside elementor-pagination-position-outside elementor-widget elementor-widget-image-carousel\" data-id=\"8daa006\" data-element_type=\"widget\" data-settings=\"{&quot;slides_to_show&quot;:&quot;1&quot;,&quot;navigation&quot;:&quot;both&quot;,&quot;autoplay&quot;:&quot;yes&quot;,&quot;pause_on_hover&quot;:&quot;yes&quot;,&quot;pause_on_interaction&quot;:&quot;yes&quot;,&quot;autoplay_speed&quot;:5000,&quot;infinite&quot;:&quot;yes&quot;,&quot;effect&quot;:&quot;slide&quot;,&quot;speed&quot;:500}\" data-widget_type=\"image-carousel.default\">\n\t\t\t\t<div class=\"elementor-widget-container\">\n\t\t\t\t\t<div class=\"elementor-image-carousel-wrapper swiper\" dir=\"ltr\">\n\t\t\t<div class=\"elementor-image-carousel swiper-wrapper\" aria-live=\"off\">\n\t\t\t\t\t\t\t\t<div class=\"swiper-slide\" role=\"group\" aria-roledescription=\"slide\" aria-label=\"1 sur 10\"><figure class=\"swiper-slide-inner\"><img decoding=\"async\" class=\"swiper-slide-image\" src=\"https:\/\/gitesblaye.com\/wp-content\/uploads\/2025\/07\/PXL_20250616_084225666.MP_-scaled.jpg\" alt=\"Fa\u00e7ade\" \/><figcaption class=\"elementor-image-carousel-caption\">Fa\u00e7ade<\/figcaption><\/figure><\/div><div class=\"swiper-slide\" role=\"group\" aria-roledescription=\"slide\" aria-label=\"2 sur 10\"><figure class=\"swiper-slide-inner\"><img decoding=\"async\" class=\"swiper-slide-image\" src=\"https:\/\/gitesblaye.com\/wp-content\/uploads\/2025\/05\/PXL_20231007_141426916-EDIT-scaled.jpg\" alt=\"Salon TV wifi\" \/><figcaption class=\"elementor-image-carousel-caption\">Salon TV wifi<\/figcaption><\/figure><\/div><div class=\"swiper-slide\" role=\"group\" aria-roledescription=\"slide\" aria-label=\"3 sur 10\"><figure class=\"swiper-slide-inner\"><img decoding=\"async\" class=\"swiper-slide-image\" src=\"https:\/\/gitesblaye.com\/wp-content\/uploads\/2025\/07\/PXL_20231007_141354683-EDIT-scaled.jpg\" alt=\"Salon\/coin repas\" \/><figcaption class=\"elementor-image-carousel-caption\">Salon\/coin repas<\/figcaption><\/figure><\/div><div class=\"swiper-slide\" role=\"group\" aria-roledescription=\"slide\" aria-label=\"4 sur 10\"><figure class=\"swiper-slide-inner\"><img decoding=\"async\" class=\"swiper-slide-image\" src=\"https:\/\/gitesblaye.com\/wp-content\/uploads\/2025\/07\/PXL_20231007_140610187-EDIT-scaled.jpg\" alt=\"Cuisine lave vaisselle four\" \/><figcaption class=\"elementor-image-carousel-caption\">Cuisine lave vaisselle four<\/figcaption><\/figure><\/div><div class=\"swiper-slide\" role=\"group\" aria-roledescription=\"slide\" aria-label=\"5 sur 10\"><figure class=\"swiper-slide-inner\"><img decoding=\"async\" class=\"swiper-slide-image\" src=\"https:\/\/gitesblaye.com\/wp-content\/uploads\/2025\/07\/PXL_20231007_140627557-EDIT-scaled-e1751960332227.jpg\" alt=\"Coin repas cuisine\" \/><figcaption class=\"elementor-image-carousel-caption\">Coin repas cuisine<\/figcaption><\/figure><\/div><div class=\"swiper-slide\" role=\"group\" aria-roledescription=\"slide\" aria-label=\"6 sur 10\"><figure class=\"swiper-slide-inner\"><img decoding=\"async\" class=\"swiper-slide-image\" src=\"https:\/\/gitesblaye.com\/wp-content\/uploads\/2025\/05\/PXL_20231007_133508092-EDIT-1.jpg\" alt=\"Chambre 1 : lit 160\" \/><figcaption class=\"elementor-image-carousel-caption\">Chambre 1 : lit 160<\/figcaption><\/figure><\/div><div class=\"swiper-slide\" role=\"group\" aria-roledescription=\"slide\" aria-label=\"7 sur 10\"><figure class=\"swiper-slide-inner\"><img decoding=\"async\" class=\"swiper-slide-image\" src=\"https:\/\/gitesblaye.com\/wp-content\/uploads\/2025\/07\/PXL_20231007_133443292-EDIT-scaled.jpg\" alt=\"Chambre 1 : lit 160\" \/><figcaption class=\"elementor-image-carousel-caption\">Chambre 1 : lit 160<\/figcaption><\/figure><\/div><div class=\"swiper-slide\" role=\"group\" aria-roledescription=\"slide\" aria-label=\"8 sur 10\"><figure class=\"swiper-slide-inner\"><img decoding=\"async\" class=\"swiper-slide-image\" src=\"https:\/\/gitesblaye.com\/wp-content\/uploads\/2025\/07\/PXL_20231007_132425120-EDIT-scaled.jpg\" alt=\"Chambre 2 : lit 160\" \/><figcaption class=\"elementor-image-carousel-caption\">Chambre 2 : lit 160 <\/figcaption><\/figure><\/div><div class=\"swiper-slide\" role=\"group\" aria-roledescription=\"slide\" aria-label=\"9 sur 10\"><figure class=\"swiper-slide-inner\"><img decoding=\"async\" class=\"swiper-slide-image\" src=\"https:\/\/gitesblaye.com\/wp-content\/uploads\/2025\/04\/terrasse2.avif\" alt=\"Ext\u00e9rieur salon de jardin\" \/><figcaption class=\"elementor-image-carousel-caption\">Ext\u00e9rieur salon de jardin<\/figcaption><\/figure><\/div><div class=\"swiper-slide\" role=\"group\" aria-roledescription=\"slide\" aria-label=\"10 sur 10\"><figure class=\"swiper-slide-inner\"><img decoding=\"async\" class=\"swiper-slide-image\" src=\"https:\/\/gitesblaye.com\/wp-content\/uploads\/2025\/04\/terrasse.avif\" alt=\"Ext\u00e9rieur salon de jardin\" \/><figcaption class=\"elementor-image-carousel-caption\">Ext\u00e9rieur salon de jardin <\/figcaption><\/figure><\/div>\t\t\t<\/div>\n\t\t\t\t\t\t\t\t\t\t\t\t<div class=\"elementor-swiper-button elementor-swiper-button-prev\" role=\"button\" tabindex=\"0\">\n\t\t\t\t\t\t<svg aria-hidden=\"true\" class=\"e-font-icon-svg e-eicon-chevron-left\" viewBox=\"0 0 1000 1000\" xmlns=\"http:\/\/www.w3.org\/2000\/svg\"><path d=\"M646 125C629 125 613 133 604 142L308 442C296 454 292 471 292 487 292 504 296 521 308 533L604 854C617 867 629 875 646 875 663 875 679 871 692 858 704 846 713 829 713 812 713 796 708 779 692 767L438 487 692 225C700 217 708 204 708 187 708 171 704 154 692 142 675 129 663 125 646 125Z\"><\/path><\/svg>\t\t\t\t\t<\/div>\n\t\t\t\t\t<div class=\"elementor-swiper-button elementor-swiper-button-next\" role=\"button\" tabindex=\"0\">\n\t\t\t\t\t\t<svg aria-hidden=\"true\" class=\"e-font-icon-svg e-eicon-chevron-right\" viewBox=\"0 0 1000 1000\" xmlns=\"http:\/\/www.w3.org\/2000\/svg\"><path d=\"M696 533C708 521 713 504 713 487 713 471 708 454 696 446L400 146C388 133 375 125 354 125 338 125 325 129 313 142 300 154 292 171 292 187 292 204 296 221 308 233L563 492 304 771C292 783 288 800 288 817 288 833 296 850 308 863 321 871 338 875 354 875 371 875 388 867 400 854L696 533Z\"><\/path><\/svg>\t\t\t\t\t<\/div>\n\t\t\t\t\n\t\t\t\t\t\t\t\t\t<div class=\"swiper-pagination\"><\/div>\n\t\t\t\t\t\t\t\t\t<\/div>\n\t\t\t\t<\/div>\n\t\t\t\t<\/div>\n\t\t\t\t\t<\/div>\n\t\t\t\t<\/div>\n\t\t<div class=\"elementor-element elementor-element-c3bba84 e-transform e-flex e-con-boxed e-con e-parent\" data-id=\"c3bba84\" data-element_type=\"container\" data-settings=\"{&quot;_transform_scale_effect_mobile&quot;:{&quot;unit&quot;:&quot;px&quot;,&quot;size&quot;:1.4,&quot;sizes&quot;:[]},&quot;_transform_scale_effect&quot;:{&quot;unit&quot;:&quot;px&quot;,&quot;size&quot;:&quot;&quot;,&quot;sizes&quot;:[]},&quot;_transform_scale_effect_tablet&quot;:{&quot;unit&quot;:&quot;px&quot;,&quot;size&quot;:&quot;&quot;,&quot;sizes&quot;:[]}}\">\n\t\t\t\t\t<div class=\"e-con-inner\">\n\t\t\t\t<div class=\"elementor-element elementor-element-a922f73 elementor-widget__width-initial elementor-widget elementor-widget-video\" data-id=\"a922f73\" data-element_type=\"widget\" data-settings=\"{&quot;youtube_url&quot;:&quot;https:\\\/\\\/youtu.be\\\/XK0seb7XdR0&quot;,&quot;autoplay&quot;:&quot;yes&quot;,&quot;mute&quot;:&quot;yes&quot;,&quot;loop&quot;:&quot;yes&quot;,&quot;play_on_mobile&quot;:&quot;yes&quot;,&quot;video_type&quot;:&quot;youtube&quot;,&quot;controls&quot;:&quot;yes&quot;}\" data-widget_type=\"video.default\">\n\t\t\t\t<div class=\"elementor-widget-container\">\n\t\t\t\t\t<div class=\"elementor-wrapper elementor-open-inline\">\n\t\t\t<div class=\"elementor-video\"><\/div>\t\t<\/div>\n\t\t\t\t<\/div>\n\t\t\t\t<\/div>\n\t\t\t\t\t<\/div>\n\t\t\t\t<\/div>\n\t\t\t\t<section class=\"elementor-section elementor-top-section elementor-element elementor-element-17663c6b elementor-section-content-bottom elementor-section-full_width elementor-section-height-default elementor-section-height-default\" data-id=\"17663c6b\" data-element_type=\"section\" data-settings=\"{&quot;background_background&quot;:&quot;classic&quot;}\">\n\t\t\t\t\t\t<div class=\"elementor-container elementor-column-gap-default\">\n\t\t\t\t\t<div class=\"elementor-column elementor-col-50 elementor-top-column elementor-element elementor-element-6312ecb6\" data-id=\"6312ecb6\" data-element_type=\"column\">\n\t\t\t<div class=\"elementor-widget-wrap elementor-element-populated\">\n\t\t\t\t\t\t<div class=\"elementor-element elementor-element-1fdd42d9 elementor-widget elementor-widget-heading\" data-id=\"1fdd42d9\" data-element_type=\"widget\" data-widget_type=\"heading.default\">\n\t\t\t\t<div class=\"elementor-widget-container\">\n\t\t\t<h1 class=\"elementor-heading-title elementor-size-default\"><br>Maison r\u00e9nov\u00e9e et d\u00e9cor\u00e9e avec go\u00fbt<\/h1>\t\t<\/div>\n\t\t\t\t<\/div>\n\t\t\t\t<div class=\"elementor-element elementor-element-91402ab elementor-widget elementor-widget-heading\" data-id=\"91402ab\" data-element_type=\"widget\" data-widget_type=\"heading.default\">\n\t\t\t\t<div class=\"elementor-widget-container\">\n\t\t\t<p class=\"elementor-heading-title elementor-size-default\">Bienvenue dans cette charmante maison, une destination id\u00e9ale pour d\u00e9couvrir la <b>Gironde<\/b> et ses tr\u00e9sors. <b>Trois chambres <\/b>accueillantes et une capacit\u00e9 de <b>sept couchages<\/b>, c'est le lieu parfait pour des vacances inoubliables. D\u00e9tendez vous dans la v\u00e9randa pendant l'intersaison, ou profitez de l'ext\u00e9rieur avec une <b>plancha<\/b>.<br><br><\/p>\t\t<\/div>\n\t\t\t\t<\/div>\n\t\t\t\t\t<\/div>\n\t\t<\/div>\n\t\t\t\t<div class=\"elementor-column elementor-col-50 elementor-top-column elementor-element elementor-element-68cc61ec\" data-id=\"68cc61ec\" data-element_type=\"column\">\n\t\t\t<div class=\"elementor-widget-wrap elementor-element-populated\">\n\t\t\t\t\t\t<div class=\"elementor-element elementor-element-7f9b7410 elementor-hidden-tablet elementor-hidden-mobile elementor-widget elementor-widget-heading\" data-id=\"7f9b7410\" data-element_type=\"widget\" data-widget_type=\"heading.default\">\n\t\t\t\t<div class=\"elementor-widget-container\">\n\t\t\t<h1 class=\"elementor-heading-title elementor-size-default\">en 2022<\/h1>\t\t<\/div>\n\t\t\t\t<\/div>\n\t\t\t\t\t<\/div>\n\t\t<\/div>\n\t\t\t\t\t<\/div>\n\t\t<\/section>\n\t\t\t\t<section class=\"elementor-section elementor-top-section elementor-element elementor-element-1f291b61 elementor-section-content-middle elementor-section-stretched elementor-section-boxed elementor-section-height-default elementor-section-height-default\" data-id=\"1f291b61\" data-element_type=\"section\" data-settings=\"{&quot;stretch_section&quot;:&quot;section-stretched&quot;,&quot;background_background&quot;:&quot;classic&quot;}\">\n\t\t\t\t\t\t<div class=\"elementor-container elementor-column-gap-default\">\n\t\t\t\t\t<div class=\"elementor-column elementor-col-33 elementor-top-column elementor-element elementor-element-7aa18edf\" data-id=\"7aa18edf\" data-element_type=\"column\">\n\t\t\t<div class=\"elementor-widget-wrap elementor-element-populated\">\n\t\t\t\t\t\t<div class=\"elementor-element elementor-element-5b2d8de1 elementor-widget elementor-widget-image\" data-id=\"5b2d8de1\" data-element_type=\"widget\" data-widget_type=\"image.default\">\n\t\t\t\t<div class=\"elementor-widget-container\">\n\t\t\t\t\t\t\t\t\t\t\t\t\t<img fetchpriority=\"high\" decoding=\"async\" width=\"1900\" height=\"1068\" src=\"https:\/\/gitesblaye.com\/wp-content\/uploads\/2025\/04\/Plassac\u00a9Claude_Clin-0942_62.jpg\" class=\"attachment-full size-full wp-image-7595\" alt=\"\" srcset=\"https:\/\/gitesblaye.com\/wp-content\/uploads\/2025\/04\/Plassac\u00a9Claude_Clin-0942_62.jpg 1900w, https:\/\/gitesblaye.com\/wp-content\/uploads\/2025\/04\/Plassac\u00a9Claude_Clin-0942_62-300x169.jpg 300w, https:\/\/gitesblaye.com\/wp-content\/uploads\/2025\/04\/Plassac\u00a9Claude_Clin-0942_62-1024x576.jpg 1024w, https:\/\/gitesblaye.com\/wp-content\/uploads\/2025\/04\/Plassac\u00a9Claude_Clin-0942_62-768x432.jpg 768w, https:\/\/gitesblaye.com\/wp-content\/uploads\/2025\/04\/Plassac\u00a9Claude_Clin-0942_62-1536x863.jpg 1536w, https:\/\/gitesblaye.com\/wp-content\/uploads\/2025\/04\/Plassac\u00a9Claude_Clin-0942_62-600x337.jpg 600w\" sizes=\"(max-width: 1900px) 100vw, 1900px\" \/>\t\t\t\t\t\t\t\t\t\t\t\t\t<\/div>\n\t\t\t\t<\/div>\n\t\t\t\t\t<\/div>\n\t\t<\/div>\n\t\t\t\t<div class=\"elementor-column elementor-col-33 elementor-top-column elementor-element elementor-element-63468381\" data-id=\"63468381\" data-element_type=\"column\">\n\t\t\t<div class=\"elementor-widget-wrap elementor-element-populated\">\n\t\t\t\t\t\t<div class=\"elementor-element elementor-element-47ae4b01 elementor-tablet-align-center elementor-widget elementor-widget-button\" data-id=\"47ae4b01\" data-element_type=\"widget\" data-widget_type=\"button.default\">\n\t\t\t\t<div class=\"elementor-widget-container\">\n\t\t\t\t\t<div class=\"elementor-button-wrapper\">\n\t\t\t<a class=\"elementor-button elementor-button-link elementor-size-sm\" href=\"#\">\n\t\t\t\t\t\t<span class=\"elementor-button-content-wrapper\">\n\t\t\t\t\t\t<span class=\"elementor-button-icon\">\n\t\t\t\t<svg aria-hidden=\"true\" class=\"e-font-icon-svg e-fas-link\" viewBox=\"0 0 512 512\" xmlns=\"http:\/\/www.w3.org\/2000\/svg\"><path d=\"M326.612 185.391c59.747 59.809 58.927 155.698.36 214.59-.11.12-.24.25-.36.37l-67.2 67.2c-59.27 59.27-155.699 59.262-214.96 0-59.27-59.26-59.27-155.7 0-214.96l37.106-37.106c9.84-9.84 26.786-3.3 27.294 10.606.648 17.722 3.826 35.527 9.69 52.721 1.986 5.822.567 12.262-3.783 16.612l-13.087 13.087c-28.026 28.026-28.905 73.66-1.155 101.96 28.024 28.579 74.086 28.749 102.325.51l67.2-67.19c28.191-28.191 28.073-73.757 0-101.83-3.701-3.694-7.429-6.564-10.341-8.569a16.037 16.037 0 0 1-6.947-12.606c-.396-10.567 3.348-21.456 11.698-29.806l21.054-21.055c5.521-5.521 14.182-6.199 20.584-1.731a152.482 152.482 0 0 1 20.522 17.197zM467.547 44.449c-59.261-59.262-155.69-59.27-214.96 0l-67.2 67.2c-.12.12-.25.25-.36.37-58.566 58.892-59.387 154.781.36 214.59a152.454 152.454 0 0 0 20.521 17.196c6.402 4.468 15.064 3.789 20.584-1.731l21.054-21.055c8.35-8.35 12.094-19.239 11.698-29.806a16.037 16.037 0 0 0-6.947-12.606c-2.912-2.005-6.64-4.875-10.341-8.569-28.073-28.073-28.191-73.639 0-101.83l67.2-67.19c28.239-28.239 74.3-28.069 102.325.51 27.75 28.3 26.872 73.934-1.155 101.96l-13.087 13.087c-4.35 4.35-5.769 10.79-3.783 16.612 5.864 17.194 9.042 34.999 9.69 52.721.509 13.906 17.454 20.446 27.294 10.606l37.106-37.106c59.271-59.259 59.271-155.699.001-214.959z\"><\/path><\/svg>\t\t\t<\/span>\n\t\t\t\t\t\t\t\t<\/span>\n\t\t\t\t\t<\/a>\n\t\t<\/div>\n\t\t\t\t<\/div>\n\t\t\t\t<\/div>\n\t\t\t\t\t<\/div>\n\t\t<\/div>\n\t\t\t\t<div class=\"elementor-column elementor-col-33 elementor-top-column elementor-element elementor-element-86115e\" data-id=\"86115e\" data-element_type=\"column\">\n\t\t\t<div class=\"elementor-widget-wrap elementor-element-populated\">\n\t\t\t\t\t\t<div class=\"elementor-element elementor-element-ff3a1 elementor-widget elementor-widget-heading\" data-id=\"ff3a1\" data-element_type=\"widget\" data-widget_type=\"heading.default\">\n\t\t\t\t<div class=\"elementor-widget-container\">\n\t\t\t<h1 class=\"elementor-heading-title elementor-size-default\">Les points forts du quartier<br><\/h1>\t\t<\/div>\n\t\t\t\t<\/div>\n\t\t\t\t<div class=\"elementor-element elementor-element-90167a3 elementor-widget elementor-widget-heading\" data-id=\"90167a3\" data-element_type=\"widget\" data-widget_type=\"heading.default\">\n\t\t\t\t<div class=\"elementor-widget-container\">\n\t\t\t<p class=\"elementor-heading-title elementor-size-default\">Situ\u00e9e au c\u0153ur de Plassac, notre maison offre la possibilit\u00e9 de promenades tranquilles vers le <b>port<\/b>, avec un acc\u00e8s facile \u00e0 la <b>superette bio <\/b>et \u00e0 la <b>guinguette <\/b>(ouverte en saison). D\u00e9couvrez \u00e9galement un <b>coiffeur <\/b>et un magasin d'art de <b>mosa\u00efque<\/b>, refl\u00e9tant le charme authentique de <b>Plassac<\/b>, village typique avec une villa <b>gallo-romaine<\/b> \u00e0 visiter.<br><\/p>\t\t<\/div>\n\t\t\t\t<\/div>\n\t\t\t\t<div class=\"elementor-element elementor-element-f1bb98d elementor-widget elementor-widget-heading\" data-id=\"f1bb98d\" data-element_type=\"widget\" data-widget_type=\"heading.default\">\n\t\t\t\t<div class=\"elementor-widget-container\">\n\t\t\t<p class=\"elementor-heading-title elementor-size-default\">Situ\u00e9e \u00e0 <b>2 minutes<\/b> de Blaye et de sa citadelle Vauban (UNESCO) avec ses nombreuses commodit\u00e9s ( restaurants, bars, cin\u00e9ma, magasins etc ),\n<b>25 minutes<\/b> de la centrale nucl\u00e9aire du Blayais,\n<b>25 minutes<\/b> du centre aquatique de Saint-Andr\u00e9-de-Cubzac,\n<b>36 minutes<\/b> du centre de Bordeaux par le Tramway,\n<b>1h15<\/b> des plages de Royan,\n<b>30 minutes<\/b> des premi\u00e8res plages apr\u00e8s la travers\u00e9e en bac de la Gironde (Blaye Lamarque),\n<b>50 minutes<\/b> du complexe des Antilles de Jonzac.<\/p>\t\t<\/div>\n\t\t\t\t<\/div>\n\t\t\t\t\t<\/div>\n\t\t<\/div>\n\t\t\t\t\t<\/div>\n\t\t<\/section>\n\t\t\t\t<section class=\"elementor-section elementor-top-section elementor-element elementor-element-0e6ff95 elementor-section-stretched elementor-section-boxed elementor-section-height-default elementor-section-height-default\" data-id=\"0e6ff95\" data-element_type=\"section\" data-settings=\"{&quot;stretch_section&quot;:&quot;section-stretched&quot;,&quot;background_background&quot;:&quot;classic&quot;}\">\n\t\t\t\t\t\t<div class=\"elementor-container elementor-column-gap-default\">\n\t\t\t\t\t<div class=\"elementor-column elementor-col-33 elementor-top-column elementor-element elementor-element-5bdb8d7\" data-id=\"5bdb8d7\" data-element_type=\"column\">\n\t\t\t<div class=\"elementor-widget-wrap elementor-element-populated\">\n\t\t\t\t\t\t<div class=\"elementor-element elementor-element-e918c97 elementor-position-left elementor-vertical-align-middle elementor-widget elementor-widget-image-box\" data-id=\"e918c97\" data-element_type=\"widget\" data-widget_type=\"image-box.default\">\n\t\t\t\t<div class=\"elementor-widget-container\">\n\t\t\t<div class=\"elementor-image-box-wrapper\"><figure class=\"elementor-image-box-img\"><img decoding=\"async\" width=\"315\" height=\"315\" src=\"https:\/\/gitesblaye.com\/wp-content\/uploads\/2025\/07\/logo-cadenas-gite.jpg\" class=\"attachment-full size-full wp-image-8134\" alt=\"\" srcset=\"https:\/\/gitesblaye.com\/wp-content\/uploads\/2025\/07\/logo-cadenas-gite.jpg 315w, https:\/\/gitesblaye.com\/wp-content\/uploads\/2025\/07\/logo-cadenas-gite-300x300.jpg 300w, https:\/\/gitesblaye.com\/wp-content\/uploads\/2025\/07\/logo-cadenas-gite-150x150.jpg 150w, https:\/\/gitesblaye.com\/wp-content\/uploads\/2025\/07\/logo-cadenas-gite-100x100.jpg 100w\" sizes=\"(max-width: 315px) 100vw, 315px\" \/><\/figure><div class=\"elementor-image-box-content\"><h4 class=\"elementor-image-box-title\">Arriv\u00e9e autonome <\/h4><p class=\"elementor-image-box-description\">Le logement est \u00e9quip\u00e9 d'une bo\u00eete \u00e0 cl\u00e9s.<\/p><\/div><\/div>\t\t<\/div>\n\t\t\t\t<\/div>\n\t\t\t\t\t<\/div>\n\t\t<\/div>\n\t\t\t\t<div class=\"elementor-column elementor-col-33 elementor-top-column elementor-element elementor-element-bcf6401\" data-id=\"bcf6401\" data-element_type=\"column\">\n\t\t\t<div class=\"elementor-widget-wrap elementor-element-populated\">\n\t\t\t\t\t\t<div class=\"elementor-element elementor-element-4c20ce3 elementor-position-left elementor-vertical-align-middle elementor-widget elementor-widget-image-box\" data-id=\"4c20ce3\" data-element_type=\"widget\" data-widget_type=\"image-box.default\">\n\t\t\t\t<div class=\"elementor-widget-container\">\n\t\t\t<div class=\"elementor-image-box-wrapper\"><figure class=\"elementor-image-box-img\"><img decoding=\"async\" width=\"315\" height=\"315\" src=\"https:\/\/gitesblaye.com\/wp-content\/uploads\/2025\/07\/logo-linge-gite.jpg\" class=\"attachment-full size-full wp-image-8135\" alt=\"\" srcset=\"https:\/\/gitesblaye.com\/wp-content\/uploads\/2025\/07\/logo-linge-gite.jpg 315w, https:\/\/gitesblaye.com\/wp-content\/uploads\/2025\/07\/logo-linge-gite-300x300.jpg 300w, https:\/\/gitesblaye.com\/wp-content\/uploads\/2025\/07\/logo-linge-gite-150x150.jpg 150w, https:\/\/gitesblaye.com\/wp-content\/uploads\/2025\/07\/logo-linge-gite-100x100.jpg 100w\" sizes=\"(max-width: 315px) 100vw, 315px\" \/><\/figure><div class=\"elementor-image-box-content\"><h4 class=\"elementor-image-box-title\">Linge <\/h4><p class=\"elementor-image-box-description\">A disposition lors de votre arriv\u00e9e, du linge de lit et de toilette.<\/p><\/div><\/div>\t\t<\/div>\n\t\t\t\t<\/div>\n\t\t\t\t\t<\/div>\n\t\t<\/div>\n\t\t\t\t<div class=\"elementor-column elementor-col-33 elementor-top-column elementor-element elementor-element-ab044ab\" data-id=\"ab044ab\" data-element_type=\"column\">\n\t\t\t<div class=\"elementor-widget-wrap elementor-element-populated\">\n\t\t\t\t\t\t<div class=\"elementor-element elementor-element-f50b602 elementor-position-left elementor-vertical-align-middle elementor-widget__width-initial elementor-widget elementor-widget-image-box\" data-id=\"f50b602\" data-element_type=\"widget\" data-widget_type=\"image-box.default\">\n\t\t\t\t<div class=\"elementor-widget-container\">\n\t\t\t<div class=\"elementor-image-box-wrapper\"><figure class=\"elementor-image-box-img\"><img loading=\"lazy\" decoding=\"async\" width=\"315\" height=\"315\" src=\"https:\/\/gitesblaye.com\/wp-content\/uploads\/2025\/07\/logo-en-ligne-gite.jpg\" class=\"attachment-full size-full wp-image-8136\" alt=\"\" srcset=\"https:\/\/gitesblaye.com\/wp-content\/uploads\/2025\/07\/logo-en-ligne-gite.jpg 315w, https:\/\/gitesblaye.com\/wp-content\/uploads\/2025\/07\/logo-en-ligne-gite-300x300.jpg 300w, https:\/\/gitesblaye.com\/wp-content\/uploads\/2025\/07\/logo-en-ligne-gite-150x150.jpg 150w, https:\/\/gitesblaye.com\/wp-content\/uploads\/2025\/07\/logo-en-ligne-gite-100x100.jpg 100w\" sizes=\"(max-width: 315px) 100vw, 315px\" \/><\/figure><div class=\"elementor-image-box-content\"><h4 class=\"elementor-image-box-title\">R\u00e9servation en ligne<\/h4><p class=\"elementor-image-box-description\">R\u00e9servation en direct sans frais.<\/p><\/div><\/div>\t\t<\/div>\n\t\t\t\t<\/div>\n\t\t\t\t\t<\/div>\n\t\t<\/div>\n\t\t\t\t\t<\/div>\n\t\t<\/section>\n\t\t<div class=\"elementor-element elementor-element-0641f5b e-flex e-con-boxed e-con e-parent\" data-id=\"0641f5b\" data-element_type=\"container\">\n\t\t\t\t\t<div class=\"e-con-inner\">\n\t\t\t\t<div class=\"elementor-element elementor-element-db040cd elementor-widget elementor-widget-html\" data-id=\"db040cd\" data-element_type=\"widget\" data-widget_type=\"html.default\">\n\t\t\t\t<div class=\"elementor-widget-container\">\n\t\t\t<div id=\"apartmentIframe1895053\" style=\"text-align: center; width: 100%;\">\r\n  <script type=\"text\/javascript\" src=\"https:\/\/login.smoobu.com\/js\/Settings\/BookingToolIframe.js\"><\/script>\r\n  <script>\r\n    BookingToolIframe.initialize({\r\n      \"url\": \"https:\/\/login.smoobu.com\/fr\/booking-tool\/iframe\/496492\/1895053\",\r\n      \"baseUrl\": \"https:\/\/login.smoobu.com\",\r\n      \"target\": \"#apartmentIframe1895053\"\r\n    });\r\n  <\/script>\r\n<\/div>\r\n\t\t<\/div>\n\t\t\t\t<\/div>\n\t\t\t\t\t<\/div>\n\t\t\t\t<\/div>\n\t\t\t\t<\/div>\n\t\t","protected":false},"excerpt":{"rendered":"<p>La maison d&rsquo;Elise Plassac Fa\u00e7ade Salon TV wifi Salon\/coin repas Cuisine lave vaisselle four Coin repas cuisine Chambre 1 : lit 160 Chambre 1 : lit 160 Chambre 2 : lit 160 Ext\u00e9rieur salon de jardin Ext\u00e9rieur salon de jardin Maison r\u00e9nov\u00e9e et d\u00e9cor\u00e9e avec go\u00fbt Bienvenue dans cette charmante maison, une destination id\u00e9ale pour [&hellip;]<\/p>\n","protected":false},"author":1,"featured_media":0,"parent":0,"menu_order":0,"comment_status":"closed","ping_status":"closed","template":"","meta":{"footnotes":""},"class_list":["post-7170","page","type-page","status-publish","hentry"],"_links":{"self":[{"href":"https:\/\/gitesblaye.com\/index.php?rest_route=\/wp\/v2\/pages\/7170","targetHints":{"allow":["GET"]}}],"collection":[{"href":"https:\/\/gitesblaye.com\/index.php?rest_route=\/wp\/v2\/pages"}],"about":[{"href":"https:\/\/gitesblaye.com\/index.php?rest_route=\/wp\/v2\/types\/page"}],"author":[{"embeddable":true,"href":"https:\/\/gitesblaye.com\/index.php?rest_route=\/wp\/v2\/users\/1"}],"replies":[{"embeddable":true,"href":"https:\/\/gitesblaye.com\/index.php?rest_route=%2Fwp%2Fv2%2Fcomments&post=7170"}],"version-history":[{"count":256,"href":"https:\/\/gitesblaye.com\/index.php?rest_route=\/wp\/v2\/pages\/7170\/revisions"}],"predecessor-version":[{"id":8183,"href":"https:\/\/gitesblaye.com\/index.php?rest_route=\/wp\/v2\/pages\/7170\/revisions\/8183"}],"wp:attachment":[{"href":"https:\/\/gitesblaye.com\/index.php?rest_route=%2Fwp%2Fv2%2Fmedia&parent=7170"}],"curies":[{"name":"wp","href":"https:\/\/api.w.org\/{rel}","templated":true}]}}